{"id":11,"date":"2012-02-27T19:50:38","date_gmt":"2012-02-27T19:50:38","guid":{"rendered":"http:\/\/janssen-sonntag.de\/wordpress\/?page_id=11"},"modified":"2018-03-31T19:25:23","modified_gmt":"2018-03-31T19:25:23","slug":"zu-meiner-person","status":"publish","type":"page","link":"https:\/\/www.janssen-sonntag.de\/?page_id=11","title":{"rendered":"Zu meiner Person"},"content":{"rendered":"<p><strong>Adelgunde Jan\u00dfen-Sonnt<img loading=\"lazy\" decoding=\"async\" class=\"alignright size-full wp-image-12\" title=\"Portrait\" src=\"http:\/\/www.janssen-sonntag.de\/wp-content\/uploads\/2012\/02\/potrait.jpg\" alt=\"\" width=\"180\" height=\"252\" \/>ag<\/strong><\/p>\n<ul>\n<li>Jahrgang 1958, verheiratet, zwei Kinder<\/li>\n<li>Dipl. Sozialp\u00e4dagogin, Dipl. Sozialarbeiterin\/FH<\/li>\n<li>Systemische Therapeutin\/Familientherapeutin SG<\/li>\n<li>Systemische Beraterin SG<\/li>\n<li>Traumatherapie (Reddemann, PITT)<\/li>\n<li>Prinzipien der Erickson\u00b4schen Hypnose und Therapie (Milton Erickson Gesellschaft Regionalstelle Frankfurt)<\/li>\n<li>Gespr\u00e4chstherapeutische Zusatzausbildung in Klientenzentrierter Gespr\u00e4chsf\u00fchrung (GwG)<\/li>\n<\/ul>\n<p><strong>Bisherige berufliche Erfahrungen<\/strong><\/p>\n<ul>\n<li>Referentin f\u00fcr Kinder- und Jugendhilfe<\/li>\n<li>Leitung einer Mutter-Kind-Einrichtung<\/li>\n<li>Sozialp\u00e4dagogin in einer Wohngruppe f\u00fcr minderj\u00e4hrige Schwangere und M\u00fctter<\/li>\n<li>T\u00e4tigkeit beim Jugendamt in der Sozialp\u00e4dagogischen Familienhilfe<\/li>\n<li>Seminarbarbeit mit ungewollt kinderlosen Paaren, Adoptiv- und Pflegeelternbewerbern<\/li>\n<li>Seminararbeit mit Selbsthilfegruppen<\/li>\n<li>T\u00e4tigkeit in einer Suchtklinik f\u00fcr drogenabh\u00e4ngige M\u00e4nner<\/li>\n<li>Projektarbeit in der Migration<\/li>\n<\/ul>\n<p><strong>Qualit\u00e4tssicherung der eigenen Professionalit\u00e4t durch<\/strong><\/p>\n<ul>\n<li>regelm\u00e4\u00dfige Supervision<\/li>\n<li>Fort- und Weiterbildung in den jeweiligen Arbeitsfeldern<\/li>\n<li>Teilnahme an Kongressen und Tagungen<\/li>\n<li>Selbst-Reflexion<\/li>\n<\/ul>\n","protected":false},"excerpt":{"rendered":"<p>Adelgunde Jan\u00dfen-Sonntag Jahrgang 1958, verheiratet, zwei Kinder Dipl. Sozialp\u00e4dagogin, Dipl. Sozialarbeiterin\/FH Systemische Therapeutin\/Familientherapeutin SG Systemische Beraterin SG Traumatherapie (Reddemann, PITT) Prinzipien der Erickson\u00b4schen Hypnose und Therapie (Milton Erickson Gesellschaft Regionalstelle Frankfurt) Gespr\u00e4chstherapeutische Zusatzausbildung in Klientenzentrierter Gespr\u00e4chsf\u00fchrung (GwG) Bisherige berufliche Erfahrungen &hellip; <a href=\"https:\/\/www.janssen-sonntag.de\/?page_id=11\">Continue reading <span class=\"meta-nav\">&rarr;<\/span><\/a><\/p>\n","protected":false},"author":1,"featured_media":0,"parent":0,"menu_order":2,"comment_status":"closed","ping_status":"open","template":"sidebar-page.php","meta":{"footnotes":""},"class_list":["post-11","page","type-page","status-publish","hentry"],"_links":{"self":[{"href":"https:\/\/www.janssen-sonntag.de\/index.php?rest_route=\/wp\/v2\/pages\/11","targetHints":{"allow":["GET"]}}],"collection":[{"href":"https:\/\/www.janssen-sonntag.de\/index.php?rest_route=\/wp\/v2\/pages"}],"about":[{"href":"https:\/\/www.janssen-sonntag.de\/index.php?rest_route=\/wp\/v2\/types\/page"}],"author":[{"embeddable":true,"href":"https:\/\/www.janssen-sonntag.de\/index.php?rest_route=\/wp\/v2\/users\/1"}],"replies":[{"embeddable":true,"href":"https:\/\/www.janssen-sonntag.de\/index.php?rest_route=%2Fwp%2Fv2%2Fcomments&post=11"}],"version-history":[{"count":13,"href":"https:\/\/www.janssen-sonntag.de\/index.php?rest_route=\/wp\/v2\/pages\/11\/revisions"}],"predecessor-version":[{"id":60,"href":"https:\/\/www.janssen-sonntag.de\/index.php?rest_route=\/wp\/v2\/pages\/11\/revisions\/60"}],"wp:attachment":[{"href":"https:\/\/www.janssen-sonntag.de\/index.php?rest_route=%2Fwp%2Fv2%2Fmedia&parent=11"}],"curies":[{"name":"wp","href":"https:\/\/api.w.org\/{rel}","templated":true}]}}