{"id":128,"date":"2012-05-28T08:20:10","date_gmt":"2012-05-28T08:20:10","guid":{"rendered":"http:\/\/www.janssen-sonntag.de\/?page_id=128"},"modified":"2012-05-29T19:38:16","modified_gmt":"2012-05-29T19:38:16","slug":"systemische-supervision-3","status":"publish","type":"page","link":"https:\/\/www.janssen-sonntag.de\/?page_id=128","title":{"rendered":"Systemische Supervision"},"content":{"rendered":"<ul>\n<li>Einzel- und Teamsupervision<\/li>\n<li>Fallsupervision<\/li>\n<li>Teamentwicklung<\/li>\n<li>Konfliktbew\u00e4ltigung<\/li>\n<li>Aktuelle Krisensituationen<\/li>\n<li>Personalf\u00fchrung und -entwicklung<\/li>\n<li>Strukturver\u00e4nderungen<\/li>\n<\/ul>\n","protected":false},"excerpt":{"rendered":"<p>Einzel- und Teamsupervision Fallsupervision Teamentwicklung Konfliktbew\u00e4ltigung Aktuelle Krisensituationen Personalf\u00fchrung und -entwicklung Strukturver\u00e4nderungen<\/p>\n","protected":false},"author":2,"featured_media":0,"parent":14,"menu_order":3,"comment_status":"closed","ping_status":"closed","template":"sidebar-page.php","meta":{"footnotes":""},"class_list":["post-128","page","type-page","status-publish","hentry"],"_links":{"self":[{"href":"https:\/\/www.janssen-sonntag.de\/index.php?rest_route=\/wp\/v2\/pages\/128","targetHints":{"allow":["GET"]}}],"collection":[{"href":"https:\/\/www.janssen-sonntag.de\/index.php?rest_route=\/wp\/v2\/pages"}],"about":[{"href":"https:\/\/www.janssen-sonntag.de\/index.php?rest_route=\/wp\/v2\/types\/page"}],"author":[{"embeddable":true,"href":"https:\/\/www.janssen-sonntag.de\/index.php?rest_route=\/wp\/v2\/users\/2"}],"replies":[{"embeddable":true,"href":"https:\/\/www.janssen-sonntag.de\/index.php?rest_route=%2Fwp%2Fv2%2Fcomments&post=128"}],"version-history":[{"count":8,"href":"https:\/\/www.janssen-sonntag.de\/index.php?rest_route=\/wp\/v2\/pages\/128\/revisions"}],"predecessor-version":[{"id":141,"href":"https:\/\/www.janssen-sonntag.de\/index.php?rest_route=\/wp\/v2\/pages\/128\/revisions\/141"}],"up":[{"embeddable":true,"href":"https:\/\/www.janssen-sonntag.de\/index.php?rest_route=\/wp\/v2\/pages\/14"}],"wp:attachment":[{"href":"https:\/\/www.janssen-sonntag.de\/index.php?rest_route=%2Fwp%2Fv2%2Fmedia&parent=128"}],"curies":[{"name":"wp","href":"https:\/\/api.w.org\/{rel}","templated":true}]}}