{"id":14,"date":"2012-02-27T19:59:10","date_gmt":"2012-02-27T19:59:10","guid":{"rendered":"http:\/\/janssen-sonntag.de\/wordpress\/?page_id=14"},"modified":"2012-05-29T19:29:14","modified_gmt":"2012-05-29T19:29:14","slug":"mein-angebot","status":"publish","type":"page","link":"https:\/\/www.janssen-sonntag.de\/?page_id=14","title":{"rendered":"Mein Angebot"},"content":{"rendered":"<p><strong>Begleitung-Suchende<\/strong> bekommen <strong>Unterst\u00fctzung<\/strong> im Umgang mit Menschen, bei der Linderung, Bew\u00e4ltigung, Kl\u00e4rung oder Aufl\u00f6sung ihrer pers\u00f6nlichen, zwischenmenschlichen oder beruflichen Probleme.<\/p>\n<p>Der Betroffene wird als <strong>Person-in-seiner-Welt<\/strong> erfasst. L\u00f6sungen und Ver\u00e4nderungen werden gemeinsam individuell und handlungsorientiert nach dem Systemischen Ansatz erarbeitet.<\/p>\n<p><strong>Entscheiden und Handeln m\u00fcssen Sie!<\/strong><\/p>\n<p>Alle Leistungen erfolgen diskret und unterliegen der Schweigepflicht.<\/p>\n<p><strong>Mein Angebot:<\/strong><\/p>\n<ul>\n<li><a title=\"Beratung\" href=\"http:\/\/www.janssen-sonntag.de\/?page_id=16\">Systemische Beratung<\/a><\/li>\n<li><a title=\"Therapie\" href=\"http:\/\/www.janssen-sonntag.de\/?page_id=23\">Systemische Therapie<\/a><\/li>\n<li><a title=\"Coaching\" href=\"http:\/\/www.janssen-sonntag.de\/?page_id=19\">Systemisches Coaching<\/a><\/li>\n<li><a title=\"Systemische Supervision\" href=\"http:\/\/www.janssen-sonntag.de\/?page_id=128\">Systemische Supervision<\/a><\/li>\n<li><a title=\"Seminare\" href=\"http:\/\/www.janssen-sonntag.de\/?page_id=21\">Seminare<\/a><\/li>\n<li><a title=\"Weiteres\u2026\" href=\"http:\/\/www.janssen-sonntag.de\/?page_id=58\">Weiteres<\/a><\/li>\n<\/ul>\n<p>&nbsp;<\/p>\n","protected":false},"excerpt":{"rendered":"<p>Begleitung-Suchende bekommen Unterst\u00fctzung im Umgang mit Menschen, bei der Linderung, Bew\u00e4ltigung, Kl\u00e4rung oder Aufl\u00f6sung ihrer pers\u00f6nlichen, zwischenmenschlichen oder beruflichen Probleme. Der Betroffene wird als Person-in-seiner-Welt erfasst. L\u00f6sungen und Ver\u00e4nderungen werden gemeinsam individuell und handlungsorientiert nach dem Systemischen Ansatz erarbeitet. Entscheiden &hellip; <a href=\"https:\/\/www.janssen-sonntag.de\/?page_id=14\">Continue reading <span class=\"meta-nav\">&rarr;<\/span><\/a><\/p>\n","protected":false},"author":1,"featured_media":0,"parent":0,"menu_order":3,"comment_status":"closed","ping_status":"open","template":"sidebar-page.php","meta":{"footnotes":""},"class_list":["post-14","page","type-page","status-publish","hentry"],"_links":{"self":[{"href":"https:\/\/www.janssen-sonntag.de\/index.php?rest_route=\/wp\/v2\/pages\/14","targetHints":{"allow":["GET"]}}],"collection":[{"href":"https:\/\/www.janssen-sonntag.de\/index.php?rest_route=\/wp\/v2\/pages"}],"about":[{"href":"https:\/\/www.janssen-sonntag.de\/index.php?rest_route=\/wp\/v2\/types\/page"}],"author":[{"embeddable":true,"href":"https:\/\/www.janssen-sonntag.de\/index.php?rest_route=\/wp\/v2\/users\/1"}],"replies":[{"embeddable":true,"href":"https:\/\/www.janssen-sonntag.de\/index.php?rest_route=%2Fwp%2Fv2%2Fcomments&post=14"}],"version-history":[{"count":11,"href":"https:\/\/www.janssen-sonntag.de\/index.php?rest_route=\/wp\/v2\/pages\/14\/revisions"}],"predecessor-version":[{"id":18,"href":"https:\/\/www.janssen-sonntag.de\/index.php?rest_route=\/wp\/v2\/pages\/14\/revisions\/18"}],"wp:attachment":[{"href":"https:\/\/www.janssen-sonntag.de\/index.php?rest_route=%2Fwp%2Fv2%2Fmedia&parent=14"}],"curies":[{"name":"wp","href":"https:\/\/api.w.org\/{rel}","templated":true}]}}