{"id":152,"date":"2018-03-31T19:00:25","date_gmt":"2018-03-31T19:00:25","guid":{"rendered":"http:\/\/www.janssen-sonntag.de\/?page_id=152"},"modified":"2018-03-31T19:45:25","modified_gmt":"2018-03-31T19:45:25","slug":"tatigkeitsfelder-eigener-praxis","status":"publish","type":"page","link":"https:\/\/www.janssen-sonntag.de\/?page_id=152","title":{"rendered":"T\u00e4tigkeitsfelder"},"content":{"rendered":"<div>\n<p><strong>T\u00e4tigkeitsfelder in eigener Praxis f\u00fcr Systemische Therapie, Beratung und Supervision<\/strong><\/p>\n<\/div>\n<ul>\n<li>Altenpflege \/ Pflegemanagement<\/li>\n<li>Forensische Psychiatrie \/ Ma\u00dfregelvollzug \/ Institutsambulanz<\/li>\n<li>Verwaltung \/ \u00f6ffentlicher Dienst<\/li>\n<li>Hospiz<\/li>\n<li>Trauerbegleitung<\/li>\n<li>Primarbereich: Kindertagesst\u00e4tten \/ Krippen \/ Hort \u00a0 \u00a0 \u00a0 \u00a0 \u00a0 \u00a0 \u00a0 \u00a0 \u00a0 \u00a0 \u00a0 \u00a0 \u00a0 \u00a0 \u00a0 \u00a0(Fachberatung \/ Konzeptionsentwicklung \/ Teamfortbildungen \/ Konfliktberatung \/ Prozessbegleitung)<\/li>\n<li>Projektarbeit (z.B. Br\u00fcckenjahr Kindergarten und Schule)<\/li>\n<li>Jugendhilfe \/ SPFH<\/li>\n<li>F\u00f6rderschule \/ Sekundarbereich I<\/li>\n<li>Gesetzliche Betreuung<\/li>\n<li>Beratung von Unternehmen der freien Wirtschaft<\/li>\n<li>Beratung von Nonprofit-Organisationen<\/li>\n<li>Beratung im Personalwesen (z.B. Bewerbungsverfahren leitender MitarbeiterInnen)<\/li>\n<li>Beratung und Begleitung strategischer Prozesse<\/li>\n<li>Einzel- und Paarberatung<\/li>\n<li>Therapie \/ Traumatherapeutische Begleitung<\/li>\n<li>Selbsthilfegruppen<\/li>\n<li>Durchf\u00fchrung von ein- bis mehrt\u00e4gigen Seminaren \/ Fortbildungen \u00a0 \u00a0 \u00a0 \u00a0 \u00a0 \u00a0 \u00a0 \u00a0 \u00a0 \u00a0 \u00a0 \u00a0 \u00a0 \u00a0(u. a Teambildung, Elternarbeit, Partizipation mit Kindern, Kommunikation, Konfliktmanagement etc.)<\/li>\n<li>Konzeption und Durchf\u00fchrung einer zweij\u00e4hrigen Fortbildung f\u00fcr Erzieherinnen\/ Leitungen \/ EU Projekt<\/li>\n<li>Vortragst\u00e4tigkeit<\/li>\n<li>Gesundheitsmanagement<\/li>\n<\/ul>\n<p>&nbsp;<\/p>\n","protected":false},"excerpt":{"rendered":"<p>T\u00e4tigkeitsfelder in eigener Praxis f\u00fcr Systemische Therapie, Beratung und Supervision Altenpflege \/ Pflegemanagement Forensische Psychiatrie \/ Ma\u00dfregelvollzug \/ Institutsambulanz Verwaltung \/ \u00f6ffentlicher Dienst Hospiz Trauerbegleitung Primarbereich: Kindertagesst\u00e4tten \/ Krippen \/ Hort \u00a0 \u00a0 \u00a0 \u00a0 \u00a0 \u00a0 \u00a0 \u00a0 \u00a0 &hellip; <a href=\"https:\/\/www.janssen-sonntag.de\/?page_id=152\">Continue reading <span class=\"meta-nav\">&rarr;<\/span><\/a><\/p>\n","protected":false},"author":2,"featured_media":0,"parent":0,"menu_order":3,"comment_status":"closed","ping_status":"closed","template":"sidebar-page.php","meta":{"footnotes":""},"class_list":["post-152","page","type-page","status-publish","hentry"],"_links":{"self":[{"href":"https:\/\/www.janssen-sonntag.de\/index.php?rest_route=\/wp\/v2\/pages\/152","targetHints":{"allow":["GET"]}}],"collection":[{"href":"https:\/\/www.janssen-sonntag.de\/index.php?rest_route=\/wp\/v2\/pages"}],"about":[{"href":"https:\/\/www.janssen-sonntag.de\/index.php?rest_route=\/wp\/v2\/types\/page"}],"author":[{"embeddable":true,"href":"https:\/\/www.janssen-sonntag.de\/index.php?rest_route=\/wp\/v2\/users\/2"}],"replies":[{"embeddable":true,"href":"https:\/\/www.janssen-sonntag.de\/index.php?rest_route=%2Fwp%2Fv2%2Fcomments&post=152"}],"version-history":[{"count":10,"href":"https:\/\/www.janssen-sonntag.de\/index.php?rest_route=\/wp\/v2\/pages\/152\/revisions"}],"predecessor-version":[{"id":176,"href":"https:\/\/www.janssen-sonntag.de\/index.php?rest_route=\/wp\/v2\/pages\/152\/revisions\/176"}],"wp:attachment":[{"href":"https:\/\/www.janssen-sonntag.de\/index.php?rest_route=%2Fwp%2Fv2%2Fmedia&parent=152"}],"curies":[{"name":"wp","href":"https:\/\/api.w.org\/{rel}","templated":true}]}}