{"id":19,"date":"2012-02-27T20:00:29","date_gmt":"2012-02-27T20:00:29","guid":{"rendered":"http:\/\/janssen-sonntag.de\/wordpress\/?page_id=19"},"modified":"2012-05-29T19:28:04","modified_gmt":"2012-05-29T19:28:04","slug":"coaching","status":"publish","type":"page","link":"https:\/\/www.janssen-sonntag.de\/?page_id=19","title":{"rendered":"Systemisches Coaching"},"content":{"rendered":"<ul>\n<li>Einzel- und Teamcoaching (im privaten und beruflichen Kontext)<\/li>\n<li>F\u00fchrungskompetenzen st\u00e4rken<\/li>\n<li>Mitarbeiterf\u00fchrung optimieren<\/li>\n<li>Durchsetzungsverm\u00f6gen trainieren<\/li>\n<li>Rollenkl\u00e4rung<\/li>\n<li>Arbeitsalltag reflektieren<\/li>\n<li>Teamentwicklung<\/li>\n<li>Erfolgreich kommunizieren<\/li>\n<li>Konflikte umdeuten<\/li>\n<li>Belastungssituationen kl\u00e4ren<\/li>\n<li>Perspektiven entwickeln<\/li>\n<li>Berufliche Situationen hinterfragen<\/li>\n<li>Zeitmanagement<\/li>\n<li>Stress bew\u00e4ltigen<\/li>\n<li>Selfcare<\/li>\n<\/ul>\n","protected":false},"excerpt":{"rendered":"<p>Einzel- und Teamcoaching (im privaten und beruflichen Kontext) F\u00fchrungskompetenzen st\u00e4rken Mitarbeiterf\u00fchrung optimieren Durchsetzungsverm\u00f6gen trainieren Rollenkl\u00e4rung Arbeitsalltag reflektieren Teamentwicklung Erfolgreich kommunizieren Konflikte umdeuten Belastungssituationen kl\u00e4ren Perspektiven entwickeln Berufliche Situationen hinterfragen Zeitmanagement Stress bew\u00e4ltigen Selfcare<\/p>\n","protected":false},"author":1,"featured_media":0,"parent":14,"menu_order":2,"comment_status":"closed","ping_status":"closed","template":"sidebar-page.php","meta":{"footnotes":""},"class_list":["post-19","page","type-page","status-publish","hentry"],"_links":{"self":[{"href":"https:\/\/www.janssen-sonntag.de\/index.php?rest_route=\/wp\/v2\/pages\/19","targetHints":{"allow":["GET"]}}],"collection":[{"href":"https:\/\/www.janssen-sonntag.de\/index.php?rest_route=\/wp\/v2\/pages"}],"about":[{"href":"https:\/\/www.janssen-sonntag.de\/index.php?rest_route=\/wp\/v2\/types\/page"}],"author":[{"embeddable":true,"href":"https:\/\/www.janssen-sonntag.de\/index.php?rest_route=\/wp\/v2\/users\/1"}],"replies":[{"embeddable":true,"href":"https:\/\/www.janssen-sonntag.de\/index.php?rest_route=%2Fwp%2Fv2%2Fcomments&post=19"}],"version-history":[{"count":11,"href":"https:\/\/www.janssen-sonntag.de\/index.php?rest_route=\/wp\/v2\/pages\/19\/revisions"}],"predecessor-version":[{"id":134,"href":"https:\/\/www.janssen-sonntag.de\/index.php?rest_route=\/wp\/v2\/pages\/19\/revisions\/134"}],"up":[{"embeddable":true,"href":"https:\/\/www.janssen-sonntag.de\/index.php?rest_route=\/wp\/v2\/pages\/14"}],"wp:attachment":[{"href":"https:\/\/www.janssen-sonntag.de\/index.php?rest_route=%2Fwp%2Fv2%2Fmedia&parent=19"}],"curies":[{"name":"wp","href":"https:\/\/api.w.org\/{rel}","templated":true}]}}