{"id":2,"date":"2012-02-27T19:29:08","date_gmt":"2012-02-27T19:29:08","guid":{"rendered":"http:\/\/janssen-sonntag.de\/wordpress\/?page_id=2"},"modified":"2018-04-01T17:14:29","modified_gmt":"2018-04-01T17:14:29","slug":"sample-page","status":"publish","type":"page","link":"https:\/\/www.janssen-sonntag.de\/","title":{"rendered":"Startseite"},"content":{"rendered":"<h2><strong>\u00bbKrise kann ein\u00a0produktiver Zustand sein,<br \/>\nwenn es gelingt, ihr den Beigeschmack der Katastrophe zu nehmen\u00ab<\/strong><\/h2>\n<p style=\"text-align: right;\"><em>nach Max Frisch<\/em><\/p>\n<p style=\"text-align: left;\"><em>Herzlich willkommen!<\/em><\/p>\n<p>Wenn Sie auf diese Seite gelangt sind, dann haben Sie bereits den ersten entscheidenden Schritt in diese Richtung getan: Sie haben sich auf die Suche begeben nach Unterst\u00fctzung in dem Prozess, die eigene Krise zu meistern.<br \/>\nIch biete Ihnen diese Unterst\u00fctzung an, wenn Sie<\/p>\n<ul>\n<li>Ihre eigene Biographie betrachten wollen,<\/li>\n<li>eigene Verhaltensmuster erkennen,<\/li>\n<li>Klarheit finden,<\/li>\n<li>eigene W\u00fcnsche \u00e4u\u00dfern und Bed\u00fcrfnisse herausfinden,<\/li>\n<li>Lebensentw\u00fcrfe hinterfragen<\/li>\n<li>\u00c4ngste betrachten und verstehen,<\/li>\n<li>gl\u00fccklichere Beziehungen leben,<\/li>\n<li>Trauer verarbeiten,<\/li>\n<li>seelischen Schmerz integrieren,<\/li>\n<li>Trennung meistern,<\/li>\n<li>schwierige und konflikthafte berufliche Situationen reflektieren und ver\u00e4ndern wollen.<\/li>\n<\/ul>\n","protected":false},"excerpt":{"rendered":"<p>\u00bbKrise kann ein\u00a0produktiver Zustand sein, wenn es gelingt, ihr den Beigeschmack der Katastrophe zu nehmen\u00ab nach Max Frisch Herzlich willkommen! Wenn Sie auf diese Seite gelangt sind, dann haben Sie bereits den ersten entscheidenden Schritt in diese Richtung getan: Sie &hellip; <a href=\"https:\/\/www.janssen-sonntag.de\/\">Continue reading <span class=\"meta-nav\">&rarr;<\/span><\/a><\/p>\n","protected":false},"author":1,"featured_media":0,"parent":0,"menu_order":1,"comment_status":"closed","ping_status":"closed","template":"sidebar-page.php","meta":{"footnotes":""},"class_list":["post-2","page","type-page","status-publish","hentry"],"_links":{"self":[{"href":"https:\/\/www.janssen-sonntag.de\/index.php?rest_route=\/wp\/v2\/pages\/2","targetHints":{"allow":["GET"]}}],"collection":[{"href":"https:\/\/www.janssen-sonntag.de\/index.php?rest_route=\/wp\/v2\/pages"}],"about":[{"href":"https:\/\/www.janssen-sonntag.de\/index.php?rest_route=\/wp\/v2\/types\/page"}],"author":[{"embeddable":true,"href":"https:\/\/www.janssen-sonntag.de\/index.php?rest_route=\/wp\/v2\/users\/1"}],"replies":[{"embeddable":true,"href":"https:\/\/www.janssen-sonntag.de\/index.php?rest_route=%2Fwp%2Fv2%2Fcomments&post=2"}],"version-history":[{"count":16,"href":"https:\/\/www.janssen-sonntag.de\/index.php?rest_route=\/wp\/v2\/pages\/2\/revisions"}],"predecessor-version":[{"id":180,"href":"https:\/\/www.janssen-sonntag.de\/index.php?rest_route=\/wp\/v2\/pages\/2\/revisions\/180"}],"wp:attachment":[{"href":"https:\/\/www.janssen-sonntag.de\/index.php?rest_route=%2Fwp%2Fv2%2Fmedia&parent=2"}],"curies":[{"name":"wp","href":"https:\/\/api.w.org\/{rel}","templated":true}]}}