{"id":21,"date":"2012-02-27T20:00:48","date_gmt":"2012-02-27T20:00:48","guid":{"rendered":"http:\/\/janssen-sonntag.de\/wordpress\/?page_id=21"},"modified":"2012-05-28T08:20:37","modified_gmt":"2012-05-28T08:20:37","slug":"seminare","status":"publish","type":"page","link":"https:\/\/www.janssen-sonntag.de\/?page_id=21","title":{"rendered":"Seminare"},"content":{"rendered":"<ul>\n<li>im Gesundheits- und Altenhilfebereich<\/li>\n<li>in Kinder- und Jugendhilfeeinrichtungen<\/li>\n<li>in Kinderg\u00e4rten und Tagesst\u00e4tten<\/li>\n<li>in Unternehmen<\/li>\n<li>f\u00fcr Selbsthilfegruppen<\/li>\n<li>und themenzentrierte Teamtage \/ Fortbildungen f\u00fcr Leitungskr\u00e4fte und Mitarbeiter-\/innen von Kinder- und Jugendhilfeeinrichtungen, Kinderg\u00e4rten, Tagesst\u00e4tten, Schulen, Kommunen, Krankenhaus und Psychiatrie<\/li>\n<\/ul>\n","protected":false},"excerpt":{"rendered":"<p>im Gesundheits- und Altenhilfebereich in Kinder- und Jugendhilfeeinrichtungen in Kinderg\u00e4rten und Tagesst\u00e4tten in Unternehmen f\u00fcr Selbsthilfegruppen und themenzentrierte Teamtage \/ Fortbildungen f\u00fcr Leitungskr\u00e4fte und Mitarbeiter-\/innen von Kinder- und Jugendhilfeeinrichtungen, Kinderg\u00e4rten, Tagesst\u00e4tten, Schulen, Kommunen, Krankenhaus und Psychiatrie<\/p>\n","protected":false},"author":1,"featured_media":0,"parent":14,"menu_order":4,"comment_status":"closed","ping_status":"closed","template":"sidebar-page.php","meta":{"footnotes":""},"class_list":["post-21","page","type-page","status-publish","hentry"],"_links":{"self":[{"href":"https:\/\/www.janssen-sonntag.de\/index.php?rest_route=\/wp\/v2\/pages\/21","targetHints":{"allow":["GET"]}}],"collection":[{"href":"https:\/\/www.janssen-sonntag.de\/index.php?rest_route=\/wp\/v2\/pages"}],"about":[{"href":"https:\/\/www.janssen-sonntag.de\/index.php?rest_route=\/wp\/v2\/types\/page"}],"author":[{"embeddable":true,"href":"https:\/\/www.janssen-sonntag.de\/index.php?rest_route=\/wp\/v2\/users\/1"}],"replies":[{"embeddable":true,"href":"https:\/\/www.janssen-sonntag.de\/index.php?rest_route=%2Fwp%2Fv2%2Fcomments&post=21"}],"version-history":[{"count":10,"href":"https:\/\/www.janssen-sonntag.de\/index.php?rest_route=\/wp\/v2\/pages\/21\/revisions"}],"predecessor-version":[{"id":96,"href":"https:\/\/www.janssen-sonntag.de\/index.php?rest_route=\/wp\/v2\/pages\/21\/revisions\/96"}],"up":[{"embeddable":true,"href":"https:\/\/www.janssen-sonntag.de\/index.php?rest_route=\/wp\/v2\/pages\/14"}],"wp:attachment":[{"href":"https:\/\/www.janssen-sonntag.de\/index.php?rest_route=%2Fwp%2Fv2%2Fmedia&parent=21"}],"curies":[{"name":"wp","href":"https:\/\/api.w.org\/{rel}","templated":true}]}}