{"id":23,"date":"2012-02-27T20:01:06","date_gmt":"2012-02-27T20:01:06","guid":{"rendered":"http:\/\/janssen-sonntag.de\/wordpress\/?page_id=23"},"modified":"2012-05-29T19:27:51","modified_gmt":"2012-05-29T19:27:51","slug":"therapie","status":"publish","type":"page","link":"https:\/\/www.janssen-sonntag.de\/?page_id=23","title":{"rendered":"Sytemische Therapie"},"content":{"rendered":"<ul>\n<li>Einzel-, Paar- und Familientherapie in Lebnes- und Beziehungsfragen<\/li>\n<li>Aktuelle Krisen- und Konfliktsituationen<\/li>\n<li>Traumaarbeit<\/li>\n<li>Ressourcenarbeit<\/li>\n<li>Genogrammarbeit \/ Mehrgenerationenarbeit<\/li>\n<li>Biographiearbeit<\/li>\n<li>Gelingende Kommunikation und Interaktion<\/li>\n<li>Bindungs- und Beziehungsst\u00f6rungen<\/li>\n<li>Symptomumdeutung<\/li>\n<li>Muster erkennen und hinterfragen<\/li>\n<li>Selbstwertst\u00e4rkung<\/li>\n<li>Trauer und Verlust<\/li>\n<li>Geborgen in sich selbst sein<\/li>\n<li>\u00c4ngste<\/li>\n<li>Depression<\/li>\n<\/ul>\n","protected":false},"excerpt":{"rendered":"<p>Einzel-, Paar- und Familientherapie in Lebnes- und Beziehungsfragen Aktuelle Krisen- und Konfliktsituationen Traumaarbeit Ressourcenarbeit Genogrammarbeit \/ Mehrgenerationenarbeit Biographiearbeit Gelingende Kommunikation und Interaktion Bindungs- und Beziehungsst\u00f6rungen Symptomumdeutung Muster erkennen und hinterfragen Selbstwertst\u00e4rkung Trauer und Verlust Geborgen in sich selbst sein \u00c4ngste &hellip; <a href=\"https:\/\/www.janssen-sonntag.de\/?page_id=23\">Continue reading <span class=\"meta-nav\">&rarr;<\/span><\/a><\/p>\n","protected":false},"author":1,"featured_media":0,"parent":14,"menu_order":1,"comment_status":"closed","ping_status":"closed","template":"sidebar-page.php","meta":{"footnotes":""},"class_list":["post-23","page","type-page","status-publish","hentry"],"_links":{"self":[{"href":"https:\/\/www.janssen-sonntag.de\/index.php?rest_route=\/wp\/v2\/pages\/23","targetHints":{"allow":["GET"]}}],"collection":[{"href":"https:\/\/www.janssen-sonntag.de\/index.php?rest_route=\/wp\/v2\/pages"}],"about":[{"href":"https:\/\/www.janssen-sonntag.de\/index.php?rest_route=\/wp\/v2\/types\/page"}],"author":[{"embeddable":true,"href":"https:\/\/www.janssen-sonntag.de\/index.php?rest_route=\/wp\/v2\/users\/1"}],"replies":[{"embeddable":true,"href":"https:\/\/www.janssen-sonntag.de\/index.php?rest_route=%2Fwp%2Fv2%2Fcomments&post=23"}],"version-history":[{"count":9,"href":"https:\/\/www.janssen-sonntag.de\/index.php?rest_route=\/wp\/v2\/pages\/23\/revisions"}],"predecessor-version":[{"id":133,"href":"https:\/\/www.janssen-sonntag.de\/index.php?rest_route=\/wp\/v2\/pages\/23\/revisions\/133"}],"up":[{"embeddable":true,"href":"https:\/\/www.janssen-sonntag.de\/index.php?rest_route=\/wp\/v2\/pages\/14"}],"wp:attachment":[{"href":"https:\/\/www.janssen-sonntag.de\/index.php?rest_route=%2Fwp%2Fv2%2Fmedia&parent=23"}],"curies":[{"name":"wp","href":"https:\/\/api.w.org\/{rel}","templated":true}]}}