{"id":29,"date":"2012-02-27T20:03:48","date_gmt":"2012-02-27T20:03:48","guid":{"rendered":"http:\/\/janssen-sonntag.de\/wordpress\/?page_id=29"},"modified":"2012-02-29T19:36:48","modified_gmt":"2012-02-29T19:36:48","slug":"impressum","status":"publish","type":"page","link":"https:\/\/www.janssen-sonntag.de\/?page_id=29","title":{"rendered":"Impressum"},"content":{"rendered":"<p><strong>Adelgunde Jan\u00dfen-Sonntag<\/strong><br \/>\nDahlienweg 30<br \/>\n49196 Bad Laer<br \/>\nTelefon 05424 &#8211; 803658<br \/>\nE-Mail info@janssen-sonntag.de<\/p>\n<p>Inhaltlich Verantwortliche gem\u00e4\u00df \u00a7 10 Abs. 3 MDStV: Adelgunde Jan\u00dfen-Sonntag<\/p>\n<p><strong>Steuernummer<\/strong><br \/>\n65\/139\/13628<br \/>\nFinanzamt Osnabr\u00fcck-Land<\/p>\n<p><strong>Haftungshinweis<\/strong><br \/>\nTrotz sorgf\u00e4ltiger inhaltlicher Kontrolle \u00fcbernehmen wir keine Haftung f\u00fcr die Inhalte externer Links. F\u00fcr den Inhalt der verlinkten Seiten sind ausschlie\u00dflich deren Betreiber verantwortlich.<\/p>\n<p><strong>Design &amp; Programmierung<\/strong><br \/>\nmultiMEA<br \/>\n49176 Hilter<br \/>\n<a href=\"http:\/\/www.multimea.de\" target=\"_blank\">www.multimea.de<\/a><\/p>\n","protected":false},"excerpt":{"rendered":"<p>Adelgunde Jan\u00dfen-Sonntag Dahlienweg 30 49196 Bad Laer Telefon 05424 &#8211; 803658 E-Mail info@janssen-sonntag.de Inhaltlich Verantwortliche gem\u00e4\u00df \u00a7 10 Abs. 3 MDStV: Adelgunde Jan\u00dfen-Sonntag Steuernummer 65\/139\/13628 Finanzamt Osnabr\u00fcck-Land Haftungshinweis Trotz sorgf\u00e4ltiger inhaltlicher Kontrolle \u00fcbernehmen wir keine Haftung f\u00fcr die Inhalte externer &hellip; <a href=\"https:\/\/www.janssen-sonntag.de\/?page_id=29\">Continue reading <span class=\"meta-nav\">&rarr;<\/span><\/a><\/p>\n","protected":false},"author":1,"featured_media":0,"parent":0,"menu_order":6,"comment_status":"closed","ping_status":"closed","template":"sidebar-page.php","meta":{"footnotes":""},"class_list":["post-29","page","type-page","status-publish","hentry"],"_links":{"self":[{"href":"https:\/\/www.janssen-sonntag.de\/index.php?rest_route=\/wp\/v2\/pages\/29","targetHints":{"allow":["GET"]}}],"collection":[{"href":"https:\/\/www.janssen-sonntag.de\/index.php?rest_route=\/wp\/v2\/pages"}],"about":[{"href":"https:\/\/www.janssen-sonntag.de\/index.php?rest_route=\/wp\/v2\/types\/page"}],"author":[{"embeddable":true,"href":"https:\/\/www.janssen-sonntag.de\/index.php?rest_route=\/wp\/v2\/users\/1"}],"replies":[{"embeddable":true,"href":"https:\/\/www.janssen-sonntag.de\/index.php?rest_route=%2Fwp%2Fv2%2Fcomments&post=29"}],"version-history":[{"count":4,"href":"https:\/\/www.janssen-sonntag.de\/index.php?rest_route=\/wp\/v2\/pages\/29\/revisions"}],"predecessor-version":[{"id":81,"href":"https:\/\/www.janssen-sonntag.de\/index.php?rest_route=\/wp\/v2\/pages\/29\/revisions\/81"}],"wp:attachment":[{"href":"https:\/\/www.janssen-sonntag.de\/index.php?rest_route=%2Fwp%2Fv2%2Fmedia&parent=29"}],"curies":[{"name":"wp","href":"https:\/\/api.w.org\/{rel}","templated":true}]}}